{"id":14,"date":"2021-10-14T16:02:22","date_gmt":"2021-10-14T16:02:22","guid":{"rendered":"https:\/\/crjaennorte.com\/?page_id=14"},"modified":"2022-10-03T18:05:51","modified_gmt":"2022-10-03T18:05:51","slug":"blog","status":"publish","type":"page","link":"https:\/\/crjaennorte.com\/?page_id=14","title":{"rendered":"LICITACION BALSA"},"content":{"rendered":"<div class=\"wp-block-image\">\n<figure class=\"alignright size-large is-resized\"><img loading=\"lazy\" decoding=\"async\" src=\"https:\/\/crjaennorte.com\/wp-content\/uploads\/2022\/09\/EuropazonasRurales-1024x496.png\" alt=\"\" class=\"wp-image-260\" width=\"149\" height=\"71\" srcset=\"https:\/\/crjaennorte.com\/wp-content\/uploads\/2022\/09\/EuropazonasRurales-1024x496.png 1024w, https:\/\/crjaennorte.com\/wp-content\/uploads\/2022\/09\/EuropazonasRurales-300x145.png 300w, https:\/\/crjaennorte.com\/wp-content\/uploads\/2022\/09\/EuropazonasRurales-768x372.png 768w, https:\/\/crjaennorte.com\/wp-content\/uploads\/2022\/09\/EuropazonasRurales-1536x743.png 1536w, https:\/\/crjaennorte.com\/wp-content\/uploads\/2022\/09\/EuropazonasRurales-2048x991.png 2048w, https:\/\/crjaennorte.com\/wp-content\/uploads\/2022\/09\/EuropazonasRurales-124x60.png 124w\" sizes=\"auto, (max-width: 149px) 100vw, 149px\" \/><\/figure>\n<\/div>\n\n\n<p>Informaci\u00f3n actualizada el 17 de febrero de 2022<\/p>\n\n\n\n<p><strong>RESOLUCI\u00d3N DE ADJUDICACI\u00d3N<\/strong><\/p>\n\n\n\n<div data-wp-interactive=\"core\/file\" class=\"wp-block-file\"><object data-wp-bind--hidden=\"!state.hasPdfPreview\" hidden class=\"wp-block-file__embed\" data=\"https:\/\/crjaennorte.com\/wp-content\/uploads\/2022\/02\/2022_2_15-RESOLUCION-ADJUDICACION-BALSA-firma-autografa-1.pdf\" type=\"application\/pdf\" style=\"width:100%;height:600px\" aria-label=\"Incrustado de Incrustado de 2022_2_15-RESOLUCION-ADJUDICACION-BALSA-firma-autografa-1..\"><\/object><a id=\"wp-block-file--media-93045a1b-bb14-4c38-8667-9994782164e2\" href=\"https:\/\/crjaennorte.com\/wp-content\/uploads\/2022\/02\/2022_2_15-RESOLUCION-ADJUDICACION-BALSA-firma-autografa-1.pdf\">2022_2_15-RESOLUCION-ADJUDICACION-BALSA-firma-autografa-1<\/a><a href=\"https:\/\/crjaennorte.com\/wp-content\/uploads\/2022\/02\/2022_2_15-RESOLUCION-ADJUDICACION-BALSA-firma-autografa-1.pdf\" class=\"wp-block-file__button\" download aria-describedby=\"wp-block-file--media-93045a1b-bb14-4c38-8667-9994782164e2\">Descarga<\/a><\/div>\n\n\n\n<p>La Comunidad de Regantes Ja\u00e9n Norte  como poder adjudicador, saca a concurso p\u00fablico la Obra Balsa de Acumulaci\u00f3n, e invita desde este, su perfil del contratante, a participar y presentar sus ofertas conforme al anuncio enviado para su publicaci\u00f3n al BOJA, anuncio que se reproduce a continuaci\u00f3n.<\/p>\n\n\n\n<p>En esta p\u00e1gina podr\u00e1n encontrar el ANUNCIO con los las indicaciones de plazos y procedimientos, el PLIEGO DE CL\u00c1USULAS ADMINISTRATIVAS Y DE PRESCRIPCIONES T\u00c9CNICAS y el PROYECTO DE BALSA. Los ARCHIVOS que les facilitar\u00e1n el c\u00e1lculo de sus ofertas se facilitar\u00e1n a los interesados que lo soliciten por correo electr\u00f3nico.<\/p>\n\n\n\n<p><strong>ATENCI\u00d3N:  SOBRE LA VISITA AL TERRENO<\/strong>: El fin de semana ha llovido en Ja\u00e9n y la previsi\u00f3n meteorol\u00f3gica da lluvia para el 27 de diciembre. Hay barro en el campo y no podremos  llegar al terreno, as\u00ed que conforme anunciamos se suspende la visita de campo del lunes 27 y se <strong>APLAZA AL JUEVES 30 DE DICIEMBRE, a las 10:00h<\/strong>. Lugar de encuentro: la cafeter\u00eda de la estaci\u00f3n de servicio pr\u00f3xima al hotel H.O.<\/p>\n\n\n\n<p><strong>APERTURA DEL SOBRE 1:<\/strong>  Se har\u00e1 cuando Correos nos entregue todas las ofertas que hayan presentado hasta el 7 de enero de 2022. <\/p>\n\n\n\n<p>Tuvo lugar el 12 de enero. Recibimos 5 ofertas, todas en plazo. Todas presentaron la documentaci\u00f3n exigida en esta fase y pasan a la fase 2.  Los licitadores son los  siguientes: <\/p>\n\n\n\n<figure class=\"wp-block-table\"><table><tbody><tr><td>RIALSA<\/td><\/tr><tr><td>P\u00c9REZ JIM\u00c9NEZ<\/td><\/tr><tr><td>TALLERES Y GR\u00daAS GONZ\u00c1LEZ<\/td><\/tr><tr><td>RICAMPO<\/td><\/tr><tr><td>\u00c1RIDOS MENGIBAR<\/td><\/tr><\/tbody><\/table><\/figure>\n\n\n\n<p><strong>APERTURA DEL SOBRE 2<\/strong>:  <strong>Fecha: 14 de enero de 2022.<\/strong> Hora: <strong>12:00 a.m<\/strong>. Lugar: Sala de proyecciones de la Biblioteca municipal de Ja\u00e9n o<strong> Casa de la cultura<\/strong> (planta baja), C\/ Santo Reino n\u00ba1. Ja\u00e9n.<\/p>\n\n\n\n<p>Se celebra el acto con la asistencia de representantes de dos empresas: Rialsa y Talleres y Gr\u00faas Gonz\u00e1lez.  Se abren los cinco sobres y constatamos que, en principio aportan la documentaci\u00f3n t\u00e9cnica que se pidi\u00f3, sin perjuicio de su estudio pormenorizado.<\/p>\n\n\n\n<p>Considerando que unas empresas dan el plazo en d\u00edas naturales y otras en d\u00edas laborables, se har\u00e1 la trasposici\u00f3n a d\u00edas naturales y viceversa, sobre el calendario laboral vigente en  la provinvia de Ja\u00e9n y sobre la hip\u00f3tesis de que la obra empiece el 5 de abril, contando los d\u00edas a partir de esa fecha.<\/p>\n\n\n\n<p>Los par\u00e1metros puntuables que se tendr\u00e1n en cuenta en las f\u00f3rmulas de valoraci\u00f3n son los siguientes:<\/p>\n\n\n\n<figure class=\"wp-block-table\"><table><tbody><tr><td>LICITADORES<\/td><td>&nbsp;<\/td><td><\/td><\/tr><tr><td><\/td><td>PLAZO DE EJECUCI\u00d3N<\/td><td>IMPORTE DEL CONTROL DE CALIDAD DE PRODUCCI\u00d3N<\/td><td>IMPORTE DEL CONTROL DE CALIDAD DE RECEPCION<\/td><td>SUMA&nbsp;&nbsp;&nbsp;&nbsp;&nbsp;&nbsp;&nbsp;&nbsp;&nbsp;&nbsp;&nbsp;&nbsp;&nbsp;&nbsp;&nbsp; CC PRODUCCI\u00d3N Y CC RECEPCI\u00d3N<\/td><\/tr><tr><td><\/td><td>d\u00edas naturales<\/td><td>d\u00edas laborables<\/td><td><\/td><td><\/td><td><\/td><\/tr><tr><td>RIALSA<\/td><td>257<\/td><td><\/td><td>&nbsp;&nbsp;&nbsp;&nbsp;&nbsp; 40.516,00<\/td><td>&nbsp;&nbsp;&nbsp; 90.517,69<\/td><td>&nbsp; 131.033,69<\/td><\/tr><tr><td>P\u00c9REZ JIM\u00c9NEZ<\/td><td>243<\/td><td><\/td><td>&nbsp;&nbsp;&nbsp;&nbsp;&nbsp; 38.409,00<\/td><td>&nbsp;&nbsp;&nbsp; 46.396,55<\/td><td>&nbsp;&nbsp;&nbsp; 84.805,55<\/td><\/tr><tr><td>TALLERES Y GR\u00daAS GONZ\u00c1LEZ<\/td><td><\/td><td>183<\/td><td>&nbsp;&nbsp;&nbsp;&nbsp;&nbsp; 39.445,51<\/td><td>&nbsp;&nbsp;&nbsp; 78.668,21<\/td><td>&nbsp; 118.113,72<\/td><\/tr><tr><td>RICAMPO<\/td><td>290<\/td><td>199<\/td><td>&nbsp;&nbsp;&nbsp;&nbsp;&nbsp; 13.861,00<\/td><td>&nbsp;&nbsp;&nbsp; 37.553,00<\/td><td>&nbsp;&nbsp;&nbsp; 51.414,00<\/td><\/tr><tr><td>\u00c1RIDOS MENGIBAR<\/td><td>205<\/td><td><\/td><td>&nbsp;&nbsp;&nbsp;&nbsp;&nbsp; 64.724,09<\/td><td>&nbsp;&nbsp;&nbsp; 47.169,75<\/td><td>&nbsp; 111.893,84<\/td><\/tr><\/tbody><\/table><\/figure>\n\n\n\n<p><strong>APERTURA DEL SOBRE 3:<\/strong> Fecha: 26 de enero. Hora 12:00 a.m. Lugar: <strong>Casa de la Cultura<\/strong>, 2\u00aa Planta, C\/ Santo Reino n\u00ba 1 Ja\u00e9n. (Aforo de la sala 20 personas, buena ventilaci\u00f3n).<\/p>\n\n\n\n<p>ACTA DE LA SESI\u00d3N P\u00daBLICA DE APERTURA DEL SOBRE 3 CELEBRADA EL 26 DE ENERO DE 2022<\/p>\n\n\n\n<p><\/p>\n\n\n\n<div data-wp-interactive=\"core\/file\" class=\"wp-block-file\"><object data-wp-bind--hidden=\"!state.hasPdfPreview\" hidden class=\"wp-block-file__embed\" data=\"https:\/\/crjaennorte.com\/wp-content\/uploads\/2022\/01\/2022_1_26-ACTA-ACTO-PUBLICO-DE-APERTURA-SOBRE-3-celebrada-pdf-1.pdf\" type=\"application\/pdf\" style=\"width:100%;height:600px\" aria-label=\"Incrustado de Incrustado de 2022_1_26-ACTA-ACTO-PUBLICO-DE-APERTURA-SOBRE-3-celebrada-pdf-1..\"><\/object><a id=\"wp-block-file--media-59181ab2-2d50-4bba-ba50-cdd983843fd2\" href=\"https:\/\/crjaennorte.com\/wp-content\/uploads\/2022\/01\/2022_1_26-ACTA-ACTO-PUBLICO-DE-APERTURA-SOBRE-3-celebrada-pdf-1.pdf\">2022_1_26-ACTA-ACTO-PUBLICO-DE-APERTURA-SOBRE-3-celebrada-pdf-1<\/a><a href=\"https:\/\/crjaennorte.com\/wp-content\/uploads\/2022\/01\/2022_1_26-ACTA-ACTO-PUBLICO-DE-APERTURA-SOBRE-3-celebrada-pdf-1.pdf\" class=\"wp-block-file__button\" download aria-describedby=\"wp-block-file--media-59181ab2-2d50-4bba-ba50-cdd983843fd2\">Descarga<\/a><\/div>\n\n\n\n<p> <strong>ACTA DE LA REUNI\u00d3N DE LA MESA DE CONTRATACI\u00d3N PARA VALORAR LAS JUSTIFICACIONES PRESENTADAS<\/strong> 8 de febrero de 2022.<\/p>\n\n\n\n<figure class=\"wp-block-gallery has-nested-images columns-default is-cropped wp-block-gallery-1 is-layout-flex wp-block-gallery-is-layout-flex\">\n<figure class=\"wp-block-image size-large\"><img loading=\"lazy\" decoding=\"async\" width=\"718\" height=\"1024\" data-id=\"229\" src=\"https:\/\/crjaennorte.com\/wp-content\/uploads\/2022\/02\/2022_2_8-ACTA-DE-LA-MESA-DE-CONTRATACION-pdf-firmada-pdf-718x1024.jpg\" alt=\"\" class=\"wp-image-229\"\/><\/figure>\n<\/figure>\n\n\n\n<p> <\/p>\n\n\n\n<p><strong>INFORME JUSTIFICATIVO SOBRE LAS BAJAS DESPROPORCIONADAS.<\/strong><\/p>\n\n\n\n<div data-wp-interactive=\"core\/file\" class=\"wp-block-file\"><object data-wp-bind--hidden=\"!state.hasPdfPreview\" hidden class=\"wp-block-file__embed\" data=\"https:\/\/crjaennorte.com\/wp-content\/uploads\/2022\/02\/2022_2_8-Informe-justificativo-bajas-desproporcionadas.pdf\" type=\"application\/pdf\" style=\"width:100%;height:600px\" aria-label=\"Incrustado de Incrustado de 2022_2_8 Informe justificativo bajas desproporcionadas..\"><\/object><a id=\"wp-block-file--media-73491e4e-e1fe-4b4b-a12d-b0343b592f14\" href=\"https:\/\/crjaennorte.com\/wp-content\/uploads\/2022\/02\/2022_2_8-Informe-justificativo-bajas-desproporcionadas.pdf\">2022_2_8 Informe justificativo bajas desproporcionadas<\/a><a href=\"https:\/\/crjaennorte.com\/wp-content\/uploads\/2022\/02\/2022_2_8-Informe-justificativo-bajas-desproporcionadas.pdf\" class=\"wp-block-file__button\" download aria-describedby=\"wp-block-file--media-73491e4e-e1fe-4b4b-a12d-b0343b592f14\">Descarga<\/a><\/div>\n\n\n\n<p>  <strong>ADJUDICACI\u00d3N DE LA OBRA<\/strong>.<\/p>\n\n\n\n<p>  <\/p>\n\n\n\n<p>&nbsp;         El martes 15 de febrero de  2022, finalizado el plazo para ejercitar el tr\u00e1mite de audiencia por las empresas descartadas el 8 de febrero, se ha reunido la Mesa de Contrataci\u00f3n de la CR Ja\u00e9n Norte para resolver el concurso&nbsp; de contrataci\u00f3n de la obra balsa de acumulaci\u00f3n, que se ha tramitado por el procedimiento abierto con car\u00e1cter urgente.&nbsp; &nbsp; &nbsp; <\/p>\n\n\n\n<p>      &nbsp; &nbsp;Se ha adjudicado la obra a la empresa \u00c1RIDOS MENGIBAR S.L.<br>&nbsp; &nbsp; &nbsp; &nbsp; &nbsp;La adjudicaci\u00f3n ser\u00e1 firme en el plazo de 15 d\u00edas h\u00e1biles, a partir de su publicaci\u00f3n en la web, si ning\u00fan concursante recurre ante el Tribunal Administrativo de Recursos Contractuales.&nbsp; Finalizando dicho plazo el 9 de marzo.<\/p>\n\n\n\n<p>&nbsp; &nbsp; &nbsp; &nbsp; El contrato deber\u00e1 formalizarse en el plazo de 15 d\u00edas h\u00e1biles. De no hacerse as\u00ed, se le tendr\u00e1 por desistido y se pasar\u00e1 a siguiente concursante en orden.<\/p>\n\n\n\n<div data-wp-interactive=\"core\/file\" class=\"wp-block-file\"><object data-wp-bind--hidden=\"!state.hasPdfPreview\" hidden class=\"wp-block-file__embed\" data=\"https:\/\/crjaennorte.com\/wp-content\/uploads\/2022\/02\/2022_2_15-ACTA-DE-LA-MESA-DE-CONTRATACION-CR-JAEN-NORTE_ADJUDICACION-1.pdf\" type=\"application\/pdf\" style=\"width:100%;height:600px\" aria-label=\"Incrustado de Incrustado de 2022_2_15-ACTA-DE-LA-MESA-DE-CONTRATACION-CR-JAEN-NORTE_ADJUDICACION-1..\"><\/object><a id=\"wp-block-file--media-2ee83b4f-1689-4fb2-85cd-44a21db27a96\" href=\"https:\/\/crjaennorte.com\/wp-content\/uploads\/2022\/02\/2022_2_15-ACTA-DE-LA-MESA-DE-CONTRATACION-CR-JAEN-NORTE_ADJUDICACION-1.pdf\">2022_2_15-ACTA-DE-LA-MESA-DE-CONTRATACION-CR-JAEN-NORTE_ADJUDICACION-1<\/a><a href=\"https:\/\/crjaennorte.com\/wp-content\/uploads\/2022\/02\/2022_2_15-ACTA-DE-LA-MESA-DE-CONTRATACION-CR-JAEN-NORTE_ADJUDICACION-1.pdf\" class=\"wp-block-file__button\" download aria-describedby=\"wp-block-file--media-2ee83b4f-1689-4fb2-85cd-44a21db27a96\">Descarga<\/a><\/div>\n\n\n\n<p>      <\/p>\n\n\n\n<div data-wp-interactive=\"core\/file\" class=\"wp-block-file\"><object data-wp-bind--hidden=\"!state.hasPdfPreview\" hidden class=\"wp-block-file__embed\" data=\"https:\/\/crjaennorte.com\/wp-content\/uploads\/2021\/12\/BOJA21-245-00001-19881-01_00252178.pdf\" type=\"application\/pdf\" style=\"width:100%;height:600px\" aria-label=\"Incrustado de Incrustado de BOJA21-245-00001-19881-01_00252178..\"><\/object><a id=\"wp-block-file--media-e6dd66bc-8258-42aa-b110-3a70cc39e88a\" href=\"https:\/\/crjaennorte.com\/wp-content\/uploads\/2021\/12\/BOJA21-245-00001-19881-01_00252178.pdf\">BOJA21-245-00001-19881-01_00252178<\/a><a href=\"https:\/\/crjaennorte.com\/wp-content\/uploads\/2021\/12\/BOJA21-245-00001-19881-01_00252178.pdf\" class=\"wp-block-file__button\" download aria-describedby=\"wp-block-file--media-e6dd66bc-8258-42aa-b110-3a70cc39e88a\">Descarga<\/a><\/div>\n\n\n\n<div data-wp-interactive=\"core\/file\" class=\"wp-block-file\"><object data-wp-bind--hidden=\"!state.hasPdfPreview\" hidden class=\"wp-block-file__embed\" data=\"https:\/\/crjaennorte.com\/wp-content\/uploads\/2021\/12\/2021-10-20-PLIEGO-ADAPTADO-definitivo-firma-4.pdf\" type=\"application\/pdf\" style=\"width:100%;height:600px\" aria-label=\"Incrustado de Incrustado de 2021-10-20 PLIEGO ADAPTADO definitivo firma 4..\"><\/object><a id=\"wp-block-file--media-c2f48b4c-071e-4b20-92bd-215055ccf170\" href=\"https:\/\/crjaennorte.com\/wp-content\/uploads\/2021\/12\/2021-10-20-PLIEGO-ADAPTADO-definitivo-firma-4.pdf\">2021-10-20 PLIEGO ADAPTADO definitivo firma 4<\/a><a href=\"https:\/\/crjaennorte.com\/wp-content\/uploads\/2021\/12\/2021-10-20-PLIEGO-ADAPTADO-definitivo-firma-4.pdf\" class=\"wp-block-file__button\" download aria-describedby=\"wp-block-file--media-c2f48b4c-071e-4b20-92bd-215055ccf170\">Descarga<\/a><\/div>\n\n\n\n<p>La circunstancia de tener que atravesar los terrenos donde se construye una planta solar motiva la urgencia de esta licitaci\u00f3n, como se detalla en el siguiente informe:<\/p>\n\n\n\n<div data-wp-interactive=\"core\/file\" class=\"wp-block-file\"><object data-wp-bind--hidden=\"!state.hasPdfPreview\" hidden class=\"wp-block-file__embed\" data=\"https:\/\/crjaennorte.com\/wp-content\/uploads\/2021\/12\/2021-11-2-INFORME-jco-PROCESO-DE-ADJUDICACION-firmado.pdf\" type=\"application\/pdf\" style=\"width:100%;height:600px\" aria-label=\"Incrustado de Incrustado de 2021-11-2 INFORME jco PROCESO DE ADJUDICACI\u00d3N firmado..\"><\/object><a id=\"wp-block-file--media-b3bfc792-b8a9-456a-8841-677f8e2dcd78\" href=\"https:\/\/crjaennorte.com\/wp-content\/uploads\/2021\/12\/2021-11-2-INFORME-jco-PROCESO-DE-ADJUDICACION-firmado.pdf\">2021-11-2 INFORME jco PROCESO DE ADJUDICACI\u00d3N firmado<\/a><a href=\"https:\/\/crjaennorte.com\/wp-content\/uploads\/2021\/12\/2021-11-2-INFORME-jco-PROCESO-DE-ADJUDICACION-firmado.pdf\" class=\"wp-block-file__button\" download aria-describedby=\"wp-block-file--media-b3bfc792-b8a9-456a-8841-677f8e2dcd78\">Descarga<\/a><\/div>\n","protected":false},"excerpt":{"rendered":"<p>Informaci\u00f3n actualizada el 17 de febrero de 2022 RESOLUCI\u00d3N DE ADJUDICACI\u00d3N La Comunidad de Regantes Ja\u00e9n Norte como poder adjudicador, saca a concurso p\u00fablico la Obra Balsa de Acumulaci\u00f3n, e &hellip; <\/p>\n","protected":false},"author":2,"featured_media":0,"parent":0,"menu_order":0,"comment_status":"closed","ping_status":"closed","template":"","meta":{"footnotes":""},"class_list":["post-14","page","type-page","status-publish","hentry"],"_links":{"self":[{"href":"https:\/\/crjaennorte.com\/index.php?rest_route=\/wp\/v2\/pages\/14","targetHints":{"allow":["GET"]}}],"collection":[{"href":"https:\/\/crjaennorte.com\/index.php?rest_route=\/wp\/v2\/pages"}],"about":[{"href":"https:\/\/crjaennorte.com\/index.php?rest_route=\/wp\/v2\/types\/page"}],"author":[{"embeddable":true,"href":"https:\/\/crjaennorte.com\/index.php?rest_route=\/wp\/v2\/users\/2"}],"replies":[{"embeddable":true,"href":"https:\/\/crjaennorte.com\/index.php?rest_route=%2Fwp%2Fv2%2Fcomments&post=14"}],"version-history":[{"count":34,"href":"https:\/\/crjaennorte.com\/index.php?rest_route=\/wp\/v2\/pages\/14\/revisions"}],"predecessor-version":[{"id":265,"href":"https:\/\/crjaennorte.com\/index.php?rest_route=\/wp\/v2\/pages\/14\/revisions\/265"}],"wp:attachment":[{"href":"https:\/\/crjaennorte.com\/index.php?rest_route=%2Fwp%2Fv2%2Fmedia&parent=14"}],"curies":[{"name":"wp","href":"https:\/\/api.w.org\/{rel}","templated":true}]}}